{"id":12,"date":"2023-01-24T14:21:19","date_gmt":"2023-01-24T12:21:19","guid":{"rendered":"https:\/\/www.petteriredsven.fi\/?page_id=12"},"modified":"2024-08-12T17:09:18","modified_gmt":"2024-08-12T14:09:18","slug":"home","status":"publish","type":"page","link":"https:\/\/www.petteriredsven.fi\/","title":{"rendered":"Etusivu"},"content":{"rendered":"\n<div class=\"wp-block-group alignfull has-ast-global-color-5-background-color has-background is-layout-constrained wp-container-core-group-is-layout-94d206d0 wp-block-group-is-layout-constrained\" id=\"about\" style=\"padding-top:143px;padding-bottom:144px\">\n<div class=\"wp-block-media-text has-media-on-the-right is-stacked-on-mobile is-vertically-aligned-top\" style=\"grid-template-columns:auto 42%\"><div class=\"wp-block-media-text__content\">\n<div class=\"inherit-container-width wp-block-group is-layout-constrained wp-container-core-group-is-layout-47ce07ec wp-block-group-is-layout-constrained\" style=\"padding-right:80px\">\n<h2 class=\"wp-block-heading\" style=\"padding-right:40px\">Moi!<\/h2>\n\n\n\n<p>Olen Petteri Redsven Lahdesta.<br>-Liike Nyt r.p. puoluesihteeri<br><br><\/p>\n\n\n\n<p>Nyt on saatavamuutos aikaan!<\/p>\n\n\n\n<p><\/p>\n\n\n\n<p>Kaikkien p\u00e4\u00e4tt\u00e4jien on alettava ymm\u00e4rt\u00e4\u00e4, ett\u00e4 jaettavaa syntyy vain, kun yritykset menestyv\u00e4t ja kasvavat ja ihmiset tekev\u00e4t enemm\u00e4n t\u00f6it\u00e4 ja tienaavat paremmin. Muuta vaihtoehtoa ei ole. Ja t\u00e4t\u00e4 kasvua ja ty\u00f6ntekoa pit\u00e4isi kannustaa kaikin keinoin. Maailmalta l\u00f6ytyy hyvi\u00e4 esimerkkej\u00e4 kuinka luodaan veroratkaisuilla kannusteita investointeihin, ty\u00f6ntekoon ja kasvuun. Esimerkki\u00e4 voi hakea vaikka Irlannista, Virosta ja Singaporesta. Meill\u00e4 t\u00e4ytyy olla houkuttavia ja luotettavia porkkanoita, jotta saamme investointeja ja osaavaa ty\u00f6voimaa Suomeen.\u00a0<\/p>\n\n\n\n<p><\/p>\n\n\n\n<p><\/p>\n\n\n\n<p>Olen my\u00f6s eritt\u00e4in huolissani terveydenhuoltomme kriisist\u00e4. Jokaisen suomalaisen on luotettava siihen, ett\u00e4 h\u00e4n saa kaipaamaansa hoitoa ja hoivaa. Vanhat puolueet ovat kaikki yhdess\u00e4 sotkeneet koko soten ja ovat sen takia siit\u00e4 hiljaa. Kokoomus on puhunut soten korjaussarjasta, mutta mit\u00e4 se on saanut vuoden aikana aikaiseksi? Ei mit\u00e4\u00e4n muuta kuin lis\u00e4\u00e4 sotkua. T\u00e4ss\u00e4 uudistuksessa leikit\u00e4\u00e4n ihmisten terveydell\u00e4. Tulemme esitt\u00e4m\u00e4\u00e4n omat ratkaisumme, jolla sote pannaan kuntoon ja suomalaiset saavat hoitoa ja hoivaa.<\/p>\n\n\n\n<p><\/p>\n\n\n\n<p><\/p>\n\n\n\n<p>Hyvinvointialueita on poliittisten lehm\u00e4nkauppojen takia aivan liikaa. Byrokratia kukkii ja palvelut k\u00e4rsiv\u00e4t. L\u00e4\u00e4k\u00e4rit pit\u00e4\u00e4 saada toimiston p\u00f6yd\u00e4n takaa hoitot\u00f6ihin ja ottaa omal\u00e4\u00e4k\u00e4rij\u00e4rjestelm\u00e4 k\u00e4ytt\u00f6\u00f6n. Vanhusten hoiva pit\u00e4\u00e4 palauttaa takaisin kuntiin. Siell\u00e4 ammattilaiset tuntevat paremmin hoidettavansa. Sairaanhoidon j\u00e4rjestelm\u00e4 pit\u00e4\u00e4 rakentaa viiden yliopistosairaalan pohjalle.<\/p>\n\n\n\n<p><\/p>\n\n\n\n<p><\/p>\n\n\n\n<p><\/p>\n\n\n\n<p><\/p>\n\n\n\n<p><\/p>\n\n\n\n<p><\/p>\n\n\n\n<p><\/p>\n\n\n\n<p><\/p>\n\n\n\n<p><\/p>\n\n\n\n<p><\/p>\n\n\n\n<p><\/p>\n\n\n\n<p><\/p>\n\n\n\n<p><\/p>\n\n\n\n<p><\/p>\n\n\n\n<p><\/p>\n\n\n\n<p><\/p>\n\n\n\n<p><br><br><br><\/p>\n<\/div>\n<\/div><figure class=\"wp-block-media-text__media\"><img loading=\"lazy\" decoding=\"async\" width=\"960\" height=\"960\" src=\"http:\/\/www.petteriredsven.fi\/wp-content\/uploads\/2023\/04\/IMG_9877-face.jpg\" alt=\"\" class=\"wp-image-91 size-full\" srcset=\"https:\/\/www.petteriredsven.fi\/wp-content\/uploads\/2023\/04\/IMG_9877-face.jpg 960w, https:\/\/www.petteriredsven.fi\/wp-content\/uploads\/2023\/04\/IMG_9877-face-300x300.jpg 300w, https:\/\/www.petteriredsven.fi\/wp-content\/uploads\/2023\/04\/IMG_9877-face-150x150.jpg 150w, https:\/\/www.petteriredsven.fi\/wp-content\/uploads\/2023\/04\/IMG_9877-face-768x768.jpg 768w\" sizes=\"auto, (max-width: 960px) 100vw, 960px\" \/><\/figure><\/div>\n\n\n\n<p>Liike Nyt on vaihtoehto vanhojen puolueiden politiikalle. Emme tee politiikkaa ideologiat, vaan asiat edell\u00e4. Emme ole sidoksissa eturyhmiin. Olemme valmiita tekem\u00e4\u00e4n rohkeita uudistuksia ja tuomaan muutosta. <\/p>\n\n\n\n<p><\/p>\n<\/div>\n\n\n\n<div class=\"wp-block-group alignfull has-ast-global-color-5-color has-text-color has-background is-layout-constrained wp-container-core-group-is-layout-6a2cfb7b wp-block-group-is-layout-constrained\" id=\"reviews\" style=\"background-color:#ae2375\">\n<p class=\"has-ast-global-color-4-color has-text-color\">Olemme valmiit tulemaan tilaisuuksiisi tai muuten tapaamaan.<\/p>\n\n\n\n<p>Voit laittaa minulle viesti\u00e4:<br>petteri.redsven(at)liikenyt.fi<\/p>\n\n\n\n<h1 class=\"wp-block-heading has-ast-global-color-4-color has-text-color\">PID\u00c4N SUOMEN PUOLTA!<\/h1>\n<\/div>\n\n\n\n<div style=\"height:45px\" aria-hidden=\"true\" class=\"wp-block-spacer\"><\/div>\n\n\n\n<figure class=\"wp-block-image aligncenter size-full is-style-default\"><img loading=\"lazy\" decoding=\"async\" width=\"1024\" height=\"458\" src=\"http:\/\/www.petteriredsven.fi\/wp-content\/uploads\/2023\/01\/lahti_cropped.jpg\" alt=\"\" class=\"wp-image-59\" srcset=\"https:\/\/www.petteriredsven.fi\/wp-content\/uploads\/2023\/01\/lahti_cropped.jpg 1024w, https:\/\/www.petteriredsven.fi\/wp-content\/uploads\/2023\/01\/lahti_cropped-300x134.jpg 300w, https:\/\/www.petteriredsven.fi\/wp-content\/uploads\/2023\/01\/lahti_cropped-768x344.jpg 768w\" sizes=\"auto, (max-width: 1024px) 100vw, 1024px\" \/><\/figure>\n\n\n\n<div style=\"height:45px\" aria-hidden=\"true\" class=\"wp-block-spacer\"><\/div>\n","protected":false},"excerpt":{"rendered":"<p>Moi! Olen Petteri Redsven Lahdesta.-Liike Nyt r.p. puoluesihteeri Nyt on saatavamuutos aikaan! Kaikkien p\u00e4\u00e4tt\u00e4jien on alettava ymm\u00e4rt\u00e4\u00e4, ett\u00e4 jaettavaa syntyy vain, kun yritykset menestyv\u00e4t ja kasvavat ja ihmiset tekev\u00e4t enemm\u00e4n t\u00f6it\u00e4 ja tienaavat paremmin. Muuta vaihtoehtoa ei ole. Ja t\u00e4t\u00e4 kasvua ja ty\u00f6ntekoa pit\u00e4isi kannustaa kaikin keinoin. Maailmalta l\u00f6ytyy hyvi\u00e4 esimerkkej\u00e4 kuinka luodaan veroratkaisuilla kannusteita &hellip;<\/p>\n<p class=\"read-more\"> <a class=\"\" href=\"https:\/\/www.petteriredsven.fi\/\"> <span class=\"screen-reader-text\">Etusivu<\/span> Lue lis\u00e4\u00e4 &raquo;<\/a><\/p>\n","protected":false},"author":1,"featured_media":29,"parent":0,"menu_order":0,"comment_status":"closed","ping_status":"closed","template":"","meta":{"site-sidebar-layout":"no-sidebar","site-content-layout":"plain-container","ast-global-header-display":"","ast-main-header-display":"","ast-hfb-above-header-display":"","ast-hfb-below-header-display":"","ast-hfb-mobile-header-display":"","site-post-title":"disabled","ast-breadcrumbs-content":"","ast-featured-img":"","footer-sml-layout":"","theme-transparent-header-meta":"enabled","adv-header-id-meta":"","stick-header-meta":"","header-above-stick-meta":"","header-main-stick-meta":"","header-below-stick-meta":"","footnotes":""},"class_list":["post-12","page","type-page","status-publish","has-post-thumbnail","hentry"],"yoast_head":"<!-- This site is optimized with the Yoast SEO plugin v27.3 - https:\/\/yoast.com\/product\/yoast-seo-wordpress\/ -->\n<title>Etusivu - Petteri Redsven - Liike Nyt!<\/title>\n<meta name=\"description\" content=\"Olen Petteri Redsven. Liike Nyt H\u00e4meen piirij\u00e4rjest\u00f6n puheenjohtaja. Liike Nyt r.p. Puoluevaltuuston j\u00e4sen\" \/>\n<meta name=\"robots\" content=\"index, follow, max-snippet:-1, max-image-preview:large, max-video-preview:-1\" \/>\n<link rel=\"canonical\" href=\"https:\/\/www.petteriredsven.fi\/\" \/>\n<meta property=\"og:locale\" content=\"fi_FI\" \/>\n<meta property=\"og:type\" content=\"article\" \/>\n<meta property=\"og:title\" content=\"Etusivu - Petteri Redsven - Liike Nyt!\" \/>\n<meta property=\"og:description\" content=\"Olen Petteri Redsven. Liike Nyt H\u00e4meen piirij\u00e4rjest\u00f6n puheenjohtaja. Liike Nyt r.p. Puoluevaltuuston j\u00e4sen\" \/>\n<meta property=\"og:url\" content=\"https:\/\/www.petteriredsven.fi\/\" \/>\n<meta property=\"og:site_name\" content=\"Petteri Redsven - Liike Nyt!\" \/>\n<meta property=\"article:modified_time\" content=\"2024-08-12T14:09:18+00:00\" \/>\n<meta property=\"og:image\" content=\"http:\/\/www.petteriredsven.fi\/wp-content\/uploads\/2023\/01\/EKVAALITIface.jpg\" \/>\n\t<meta property=\"og:image:width\" content=\"960\" \/>\n\t<meta property=\"og:image:height\" content=\"960\" \/>\n\t<meta property=\"og:image:type\" content=\"image\/jpeg\" \/>\n<meta name=\"twitter:card\" content=\"summary_large_image\" \/>\n<meta name=\"twitter:label1\" content=\"Arvioitu lukuaika\" \/>\n\t<meta name=\"twitter:data1\" content=\"3 minuuttia\" \/>\n<script type=\"application\/ld+json\" class=\"yoast-schema-graph\">{\"@context\":\"https:\\\/\\\/schema.org\",\"@graph\":[{\"@type\":\"WebPage\",\"@id\":\"https:\\\/\\\/www.petteriredsven.fi\\\/\",\"url\":\"https:\\\/\\\/www.petteriredsven.fi\\\/\",\"name\":\"Etusivu - Petteri Redsven - Liike Nyt!\",\"isPartOf\":{\"@id\":\"https:\\\/\\\/www.petteriredsven.fi\\\/#website\"},\"primaryImageOfPage\":{\"@id\":\"https:\\\/\\\/www.petteriredsven.fi\\\/#primaryimage\"},\"image\":{\"@id\":\"https:\\\/\\\/www.petteriredsven.fi\\\/#primaryimage\"},\"thumbnailUrl\":\"https:\\\/\\\/www.petteriredsven.fi\\\/wp-content\\\/uploads\\\/2023\\\/01\\\/EKVAALITIface.jpg\",\"datePublished\":\"2023-01-24T12:21:19+00:00\",\"dateModified\":\"2024-08-12T14:09:18+00:00\",\"description\":\"Olen Petteri Redsven. Liike Nyt H\u00e4meen piirij\u00e4rjest\u00f6n puheenjohtaja. Liike Nyt r.p. Puoluevaltuuston j\u00e4sen\",\"breadcrumb\":{\"@id\":\"https:\\\/\\\/www.petteriredsven.fi\\\/#breadcrumb\"},\"inLanguage\":\"fi\",\"potentialAction\":[{\"@type\":\"ReadAction\",\"target\":[\"https:\\\/\\\/www.petteriredsven.fi\\\/\"]}]},{\"@type\":\"ImageObject\",\"inLanguage\":\"fi\",\"@id\":\"https:\\\/\\\/www.petteriredsven.fi\\\/#primaryimage\",\"url\":\"https:\\\/\\\/www.petteriredsven.fi\\\/wp-content\\\/uploads\\\/2023\\\/01\\\/EKVAALITIface.jpg\",\"contentUrl\":\"https:\\\/\\\/www.petteriredsven.fi\\\/wp-content\\\/uploads\\\/2023\\\/01\\\/EKVAALITIface.jpg\",\"width\":960,\"height\":960},{\"@type\":\"BreadcrumbList\",\"@id\":\"https:\\\/\\\/www.petteriredsven.fi\\\/#breadcrumb\",\"itemListElement\":[{\"@type\":\"ListItem\",\"position\":1,\"name\":\"Etusivu\",\"item\":\"https:\\\/\\\/www.petteriredsven.fi\\\/\"},{\"@type\":\"ListItem\",\"position\":2,\"name\":\"Etusivu\"}]},{\"@type\":\"WebSite\",\"@id\":\"https:\\\/\\\/www.petteriredsven.fi\\\/#website\",\"url\":\"https:\\\/\\\/www.petteriredsven.fi\\\/\",\"name\":\"Petteri Redsven - Liike Nyt!\",\"description\":\"Vaihtoehto vanhojen puolueiden politiikalle!\",\"publisher\":{\"@id\":\"https:\\\/\\\/www.petteriredsven.fi\\\/#organization\"},\"potentialAction\":[{\"@type\":\"SearchAction\",\"target\":{\"@type\":\"EntryPoint\",\"urlTemplate\":\"https:\\\/\\\/www.petteriredsven.fi\\\/?s={search_term_string}\"},\"query-input\":{\"@type\":\"PropertyValueSpecification\",\"valueRequired\":true,\"valueName\":\"search_term_string\"}}],\"inLanguage\":\"fi\"},{\"@type\":\"Organization\",\"@id\":\"https:\\\/\\\/www.petteriredsven.fi\\\/#organization\",\"name\":\"Petteri Redsven - Liike Nyt!\",\"url\":\"https:\\\/\\\/www.petteriredsven.fi\\\/\",\"logo\":{\"@type\":\"ImageObject\",\"inLanguage\":\"fi\",\"@id\":\"https:\\\/\\\/www.petteriredsven.fi\\\/#\\\/schema\\\/logo\\\/image\\\/\",\"url\":\"https:\\\/\\\/www.petteriredsven.fi\\\/wp-content\\\/uploads\\\/2023\\\/01\\\/EKVAALITIface.jpg\",\"contentUrl\":\"https:\\\/\\\/www.petteriredsven.fi\\\/wp-content\\\/uploads\\\/2023\\\/01\\\/EKVAALITIface.jpg\",\"width\":960,\"height\":960,\"caption\":\"Petteri Redsven - Liike Nyt!\"},\"image\":{\"@id\":\"https:\\\/\\\/www.petteriredsven.fi\\\/#\\\/schema\\\/logo\\\/image\\\/\"}}]}<\/script>\n<!-- \/ Yoast SEO plugin. -->","yoast_head_json":{"title":"Etusivu - Petteri Redsven - Liike Nyt!","description":"Olen Petteri Redsven. Liike Nyt H\u00e4meen piirij\u00e4rjest\u00f6n puheenjohtaja. Liike Nyt r.p. Puoluevaltuuston j\u00e4sen","robots":{"index":"index","follow":"follow","max-snippet":"max-snippet:-1","max-image-preview":"max-image-preview:large","max-video-preview":"max-video-preview:-1"},"canonical":"https:\/\/www.petteriredsven.fi\/","og_locale":"fi_FI","og_type":"article","og_title":"Etusivu - Petteri Redsven - Liike Nyt!","og_description":"Olen Petteri Redsven. Liike Nyt H\u00e4meen piirij\u00e4rjest\u00f6n puheenjohtaja. Liike Nyt r.p. Puoluevaltuuston j\u00e4sen","og_url":"https:\/\/www.petteriredsven.fi\/","og_site_name":"Petteri Redsven - Liike Nyt!","article_modified_time":"2024-08-12T14:09:18+00:00","og_image":[{"width":960,"height":960,"url":"http:\/\/www.petteriredsven.fi\/wp-content\/uploads\/2023\/01\/EKVAALITIface.jpg","type":"image\/jpeg"}],"twitter_card":"summary_large_image","twitter_misc":{"Arvioitu lukuaika":"3 minuuttia"},"schema":{"@context":"https:\/\/schema.org","@graph":[{"@type":"WebPage","@id":"https:\/\/www.petteriredsven.fi\/","url":"https:\/\/www.petteriredsven.fi\/","name":"Etusivu - Petteri Redsven - Liike Nyt!","isPartOf":{"@id":"https:\/\/www.petteriredsven.fi\/#website"},"primaryImageOfPage":{"@id":"https:\/\/www.petteriredsven.fi\/#primaryimage"},"image":{"@id":"https:\/\/www.petteriredsven.fi\/#primaryimage"},"thumbnailUrl":"https:\/\/www.petteriredsven.fi\/wp-content\/uploads\/2023\/01\/EKVAALITIface.jpg","datePublished":"2023-01-24T12:21:19+00:00","dateModified":"2024-08-12T14:09:18+00:00","description":"Olen Petteri Redsven. Liike Nyt H\u00e4meen piirij\u00e4rjest\u00f6n puheenjohtaja. Liike Nyt r.p. Puoluevaltuuston j\u00e4sen","breadcrumb":{"@id":"https:\/\/www.petteriredsven.fi\/#breadcrumb"},"inLanguage":"fi","potentialAction":[{"@type":"ReadAction","target":["https:\/\/www.petteriredsven.fi\/"]}]},{"@type":"ImageObject","inLanguage":"fi","@id":"https:\/\/www.petteriredsven.fi\/#primaryimage","url":"https:\/\/www.petteriredsven.fi\/wp-content\/uploads\/2023\/01\/EKVAALITIface.jpg","contentUrl":"https:\/\/www.petteriredsven.fi\/wp-content\/uploads\/2023\/01\/EKVAALITIface.jpg","width":960,"height":960},{"@type":"BreadcrumbList","@id":"https:\/\/www.petteriredsven.fi\/#breadcrumb","itemListElement":[{"@type":"ListItem","position":1,"name":"Etusivu","item":"https:\/\/www.petteriredsven.fi\/"},{"@type":"ListItem","position":2,"name":"Etusivu"}]},{"@type":"WebSite","@id":"https:\/\/www.petteriredsven.fi\/#website","url":"https:\/\/www.petteriredsven.fi\/","name":"Petteri Redsven - Liike Nyt!","description":"Vaihtoehto vanhojen puolueiden politiikalle!","publisher":{"@id":"https:\/\/www.petteriredsven.fi\/#organization"},"potentialAction":[{"@type":"SearchAction","target":{"@type":"EntryPoint","urlTemplate":"https:\/\/www.petteriredsven.fi\/?s={search_term_string}"},"query-input":{"@type":"PropertyValueSpecification","valueRequired":true,"valueName":"search_term_string"}}],"inLanguage":"fi"},{"@type":"Organization","@id":"https:\/\/www.petteriredsven.fi\/#organization","name":"Petteri Redsven - Liike Nyt!","url":"https:\/\/www.petteriredsven.fi\/","logo":{"@type":"ImageObject","inLanguage":"fi","@id":"https:\/\/www.petteriredsven.fi\/#\/schema\/logo\/image\/","url":"https:\/\/www.petteriredsven.fi\/wp-content\/uploads\/2023\/01\/EKVAALITIface.jpg","contentUrl":"https:\/\/www.petteriredsven.fi\/wp-content\/uploads\/2023\/01\/EKVAALITIface.jpg","width":960,"height":960,"caption":"Petteri Redsven - Liike Nyt!"},"image":{"@id":"https:\/\/www.petteriredsven.fi\/#\/schema\/logo\/image\/"}}]}},"_links":{"self":[{"href":"https:\/\/www.petteriredsven.fi\/index.php?rest_route=\/wp\/v2\/pages\/12","targetHints":{"allow":["GET"]}}],"collection":[{"href":"https:\/\/www.petteriredsven.fi\/index.php?rest_route=\/wp\/v2\/pages"}],"about":[{"href":"https:\/\/www.petteriredsven.fi\/index.php?rest_route=\/wp\/v2\/types\/page"}],"author":[{"embeddable":true,"href":"https:\/\/www.petteriredsven.fi\/index.php?rest_route=\/wp\/v2\/users\/1"}],"replies":[{"embeddable":true,"href":"https:\/\/www.petteriredsven.fi\/index.php?rest_route=%2Fwp%2Fv2%2Fcomments&post=12"}],"version-history":[{"count":44,"href":"https:\/\/www.petteriredsven.fi\/index.php?rest_route=\/wp\/v2\/pages\/12\/revisions"}],"predecessor-version":[{"id":130,"href":"https:\/\/www.petteriredsven.fi\/index.php?rest_route=\/wp\/v2\/pages\/12\/revisions\/130"}],"wp:featuredmedia":[{"embeddable":true,"href":"https:\/\/www.petteriredsven.fi\/index.php?rest_route=\/wp\/v2\/media\/29"}],"wp:attachment":[{"href":"https:\/\/www.petteriredsven.fi\/index.php?rest_route=%2Fwp%2Fv2%2Fmedia&parent=12"}],"curies":[{"name":"wp","href":"https:\/\/api.w.org\/{rel}","templated":true}]}}